{"id":28625,"date":"2025-08-25T15:29:31","date_gmt":"2025-08-25T15:29:31","guid":{"rendered":"https:\/\/olimpcenter.com\/?page_id=28625"},"modified":"2025-08-25T15:31:23","modified_gmt":"2025-08-25T15:31:23","slug":"butun-kurslar","status":"publish","type":"page","link":"https:\/\/olimpcenter.com\/az\/butun-kurslar\/","title":{"rendered":"Kurslar"},"content":{"rendered":"\t\t<div data-elementor-type=\"wp-page\" data-elementor-id=\"28625\" class=\"elementor elementor-28625\" data-elementor-post-type=\"page\">\n\t\t\t\t\t\t<section class=\"elementor-section elementor-top-section elementor-element elementor-element-61454cd elementor-section-boxed elementor-section-height-default elementor-section-height-default\" data-id=\"61454cd\" data-element_type=\"section\" data-settings=\"{&quot;background_background&quot;:&quot;classic&quot;}\">\n\t\t\t\t\t\t<div class=\"elementor-container elementor-column-gap-extended\">\n\t\t\t\t\t<div class=\"elementor-column elementor-col-100 elementor-top-column elementor-element elementor-element-d3f359a\" data-id=\"d3f359a\" data-element_type=\"column\">\n\t\t\t<div class=\"elementor-widget-wrap elementor-element-populated\">\n\t\t\t\t\t\t<div class=\"elementor-element elementor-element-2e78b33 elementor-invisible elementor-widget elementor-widget-edublink-heading\" data-id=\"2e78b33\" data-element_type=\"widget\" data-settings=\"{&quot;_animation&quot;:&quot;edublink--slide-up&quot;,&quot;_animation_delay&quot;:150}\" data-widget_type=\"edublink-heading.default\">\n\t\t\t\t<div class=\"elementor-widget-container\">\n\t\t\t\t\t<div class=\"edublink-section-heading\"><span class=\"pre-heading\">Kurslar<\/span><h3 class=\"heading\">Ba\u015flamaq \u00fc\u00e7\u00fcn kursu se\u00e7in<\/h3><div class=\"title-shape\"><i class=\"icon-19\"><\/i><\/div><\/div>\t\t\t\t<\/div>\n\t\t\t\t<\/div>\n\t\t\t\t<div class=\"elementor-element elementor-element-f71fc21 home-course-list elementor-invisible elementor-widget elementor-widget-edublink-tl-courses\" data-id=\"f71fc21\" data-element_type=\"widget\" data-settings=\"{&quot;_animation&quot;:&quot;edublink--slide-up&quot;,&quot;_animation_delay&quot;:250}\" data-widget_type=\"edublink-tl-courses.default\">\n\t\t\t\t<div class=\"elementor-widget-container\">\n\t\t\t\t\t<div class=\"edublink-course-widget-wrapper\"><div class=\"eb-masonry-grid-wrapper eb-tutor-archive-courses edublink-course-archive edublink-lms-courses-grid active-white-bg edublink-row\">            <div id=\"post-28157\" class=\"ingilis-dili-hazirligi ingilis-dili-hazirligi-1 edublink-course-style-5 edublink-course-5-grid-item eb-masonry-item edublink-col-lg-4 edublink-col-md-6 edublink-col-sm-6 post-28157 courses type-courses status-publish has-post-thumbnail hentry course-category-ingilis-dili-hazirligi course-category-ingilis-dili-hazirligi-1\" class=\"edublink-course-style-5 edublink-course-5-grid-item eb-masonry-item edublink-col-lg-4 edublink-col-md-6 edublink-col-sm-6 post-28157 courses type-courses status-publish has-post-thumbnail hentry course-category-ingilis-dili-hazirligi course-category-ingilis-dili-hazirligi-1\"  data-sal>\n                <div class=\"edublink-single-course course-style-5\"><div class=\"inner\"><div class=\"thumbnail\"><a class=\"course-thumb\" href=\"https:\/\/olimpcenter.com\/az\/courses\/cambridge-ingilis-dili-hazirligi\/\"><img decoding=\"async\" class=\"w-100\" src=\"https:\/\/olimpcenter.com\/wp-content\/uploads\/2025\/07\/WhatsApp-Image-2025-07-17-at-20.37.52-590x430.jpeg\" alt=\"WhatsApp Image 2025-07-17 at 20.37.52\"><\/a><div class=\"course-price price-round\">Pulsuz<\/div><ul class=\"course-meta\"><li><i class=\"icon-25 icon-course\"><\/i>1 Students<\/li><\/ul><\/div><div class=\"content\"><span class=\"course-cat\"><a href=\"https:\/\/olimpcenter.com\/course-category\/ingilis-dili-hazirligi\/?tutor-course-filter-category=49\">English Preparation<\/a><\/span><h6 class=\"title\"><a href=\"https:\/\/olimpcenter.com\/az\/courses\/cambridge-ingilis-dili-hazirligi\/\">Cambridge \u0130ngilis dili haz\u0131rl\u0131\u011f\u0131<\/a><\/h6><\/div><\/div><\/div><\/div>            <div id=\"post-28522\" class=\"liseylere-hazirliq edublink-course-style-5 edublink-course-5-grid-item eb-masonry-item edublink-col-lg-4 edublink-col-md-6 edublink-col-sm-6 post-28522 courses type-courses status-publish has-post-thumbnail hentry course-category-liseylere-hazirliq\" class=\"edublink-course-style-5 edublink-course-5-grid-item eb-masonry-item edublink-col-lg-4 edublink-col-md-6 edublink-col-sm-6 post-28522 courses type-courses status-publish has-post-thumbnail hentry course-category-liseylere-hazirliq\"  data-sal>\n                <div class=\"edublink-single-course course-style-5\"><div class=\"inner\"><div class=\"thumbnail\"><a class=\"course-thumb\" href=\"https:\/\/olimpcenter.com\/az\/courses\/hrbi-liseylr\/\"><img decoding=\"async\" class=\"w-100\" src=\"https:\/\/olimpcenter.com\/wp-content\/uploads\/2023\/07\/gallery-08.webp\" alt=\"gallery-08\"><\/a><div class=\"course-price price-round\">Pulsuz<\/div><ul class=\"course-meta\"><li><i class=\"icon-25 icon-course\"><\/i>0 Students<\/li><\/ul><\/div><div class=\"content\"><span class=\"course-cat\"><a href=\"https:\/\/olimpcenter.com\/az\/course-category\/liseylere-hazirliq\/?tutor-course-filter-category=164\">Liseyl\u0259r\u0259 haz\u0131rl\u0131q<\/a><\/span><h6 class=\"title\"><a href=\"https:\/\/olimpcenter.com\/az\/courses\/hrbi-liseylr\/\">H\u0259rbi liseyl\u0259r az<\/a><\/h6><\/div><\/div><\/div><\/div>            <div id=\"post-26488\" class=\"liseylere-hazirliq edublink-course-style-5 edublink-course-5-grid-item eb-masonry-item edublink-col-lg-4 edublink-col-md-6 edublink-col-sm-6 post-26488 courses type-courses status-publish has-post-thumbnail hentry course-category-liseylere-hazirliq\" class=\"edublink-course-style-5 edublink-course-5-grid-item eb-masonry-item edublink-col-lg-4 edublink-col-md-6 edublink-col-sm-6 post-26488 courses type-courses status-publish has-post-thumbnail hentry course-category-liseylere-hazirliq\"  data-sal>\n                <div class=\"edublink-single-course course-style-5\"><div class=\"inner\"><div class=\"thumbnail\"><a class=\"course-thumb\" href=\"https:\/\/olimpcenter.com\/az\/courses\/hrbi-liseylr-hazirliq\/\"><img decoding=\"async\" class=\"w-100\" src=\"https:\/\/olimpcenter.com\/wp-content\/uploads\/2025\/07\/Screenshot_19-7-2025_103745_studyinginswitzerland.com_-590x430.jpeg\" alt=\"Screenshot_19-7-2025_103745_studyinginswitzerland.com\"><\/a><div class=\"course-price price-round\">Pulsuz<\/div><ul class=\"course-meta\"><li><i class=\"icon-25 icon-course\"><\/i>2 Students<\/li><\/ul><\/div><div class=\"content\"><span class=\"course-cat\"><a href=\"https:\/\/olimpcenter.com\/az\/course-category\/liseylere-hazirliq\/?tutor-course-filter-category=164\">Liseyl\u0259r\u0259 haz\u0131rl\u0131q<\/a><\/span><h6 class=\"title\"><a href=\"https:\/\/olimpcenter.com\/az\/courses\/hrbi-liseylr-hazirliq\/\">H\u0259rbi Liseyl\u0259r\u0259 haz\u0131rl\u0131q<\/a><\/h6><\/div><\/div><\/div><\/div>            <div id=\"post-28518\" class=\"tezlikle edublink-course-style-5 edublink-course-5-grid-item eb-masonry-item edublink-col-lg-4 edublink-col-md-6 edublink-col-sm-6 post-28518 courses type-courses status-publish has-post-thumbnail hentry course-category-tezlikle\" class=\"edublink-course-style-5 edublink-course-5-grid-item eb-masonry-item edublink-col-lg-4 edublink-col-md-6 edublink-col-sm-6 post-28518 courses type-courses status-publish has-post-thumbnail hentry course-category-tezlikle\"  data-sal>\n                <div class=\"edublink-single-course course-style-5\"><div class=\"inner\"><div class=\"thumbnail\"><a class=\"course-thumb\" href=\"https:\/\/olimpcenter.com\/az\/courses\/new-course1\/\"><img decoding=\"async\" class=\"w-100\" src=\"https:\/\/olimpcenter.com\/wp-content\/uploads\/2023\/10\/blog-masonry-item-3-550x430.jpg\" alt=\"blog-masonry-item-3\"><\/a><div class=\"course-price price-round\">\t\t\t<div class=\"list-item-price tutor-item-price\">\n\t\t\t\t\t\t\t\t\t<span>\u20bc11.00<\/span>\n\t\t\t\t\t<del>\u20bc222.00<\/del>\n\t\t\t\t\t\t\t<\/div>\n\t\t\t\t\t<\/div><ul class=\"course-meta\"><li><i class=\"icon-25 icon-course\"><\/i>0 Students<\/li><\/ul><\/div><div class=\"content\"><span class=\"course-cat\"><a href=\"https:\/\/olimpcenter.com\/az\/course-category\/tezlikle\/?tutor-course-filter-category=156\">Tezlikl\u0259<\/a><\/span><h6 class=\"title\"><a href=\"https:\/\/olimpcenter.com\/az\/courses\/new-course1\/\">New Course1<\/a><\/h6><\/div><\/div><\/div><\/div>            <div id=\"post-28540\" class=\"liseylere-hazirliq edublink-course-style-5 edublink-course-5-grid-item eb-masonry-item edublink-col-lg-4 edublink-col-md-6 edublink-col-sm-6 post-28540 courses type-courses status-publish has-post-thumbnail hentry course-category-liseylere-hazirliq\" class=\"edublink-course-style-5 edublink-course-5-grid-item eb-masonry-item edublink-col-lg-4 edublink-col-md-6 edublink-col-sm-6 post-28540 courses type-courses status-publish has-post-thumbnail hentry course-category-liseylere-hazirliq\"  data-sal>\n                <div class=\"edublink-single-course course-style-5\"><div class=\"inner\"><div class=\"thumbnail\"><a class=\"course-thumb\" href=\"https:\/\/olimpcenter.com\/az\/courses\/zrif-liyava-adina-lisey\/\"><img decoding=\"async\" class=\"w-100\" src=\"https:\/\/olimpcenter.com\/wp-content\/uploads\/2023\/11\/course-83-590x430.jpg\" alt=\"course-83\"><\/a><div class=\"course-price price-round\">Pulsuz<\/div><ul class=\"course-meta\"><li><i class=\"icon-25 icon-course\"><\/i>0 Students<\/li><\/ul><\/div><div class=\"content\"><span class=\"course-cat\"><a href=\"https:\/\/olimpcenter.com\/az\/course-category\/liseylere-hazirliq\/?tutor-course-filter-category=164\">Liseyl\u0259r\u0259 haz\u0131rl\u0131q<\/a><\/span><h6 class=\"title\"><a href=\"https:\/\/olimpcenter.com\/az\/courses\/zrif-liyava-adina-lisey\/\">Z\u0259rif\u0259 \u018fliyava ad\u0131na lisey<\/a><\/h6><\/div><\/div><\/div><\/div>            <div id=\"post-28523\" class=\"liseylere-hazirliq edublink-course-style-5 edublink-course-5-grid-item eb-masonry-item edublink-col-lg-4 edublink-col-md-6 edublink-col-sm-6 post-28523 courses type-courses status-publish has-post-thumbnail hentry course-category-liseylere-hazirliq\" class=\"edublink-course-style-5 edublink-course-5-grid-item eb-masonry-item edublink-col-lg-4 edublink-col-md-6 edublink-col-sm-6 post-28523 courses type-courses status-publish has-post-thumbnail hentry course-category-liseylere-hazirliq\"  data-sal>\n                <div class=\"edublink-single-course course-style-5\"><div class=\"inner\"><div class=\"thumbnail\"><a class=\"course-thumb\" href=\"https:\/\/olimpcenter.com\/az\/courses\/fizika-riyaziyyat-tmayullu-liseylr-hazirliq\/\"><img decoding=\"async\" class=\"w-100\" src=\"https:\/\/olimpcenter.com\/wp-content\/uploads\/2023\/07\/gallery-08.webp\" alt=\"gallery-08\"><\/a><div class=\"course-price price-round\">Pulsuz<\/div><ul class=\"course-meta\"><li><i class=\"icon-25 icon-course\"><\/i>0 Students<\/li><\/ul><\/div><div class=\"content\"><span class=\"course-cat\"><a href=\"https:\/\/olimpcenter.com\/az\/course-category\/liseylere-hazirliq\/?tutor-course-filter-category=164\">Liseyl\u0259r\u0259 haz\u0131rl\u0131q<\/a><\/span><h6 class=\"title\"><a href=\"https:\/\/olimpcenter.com\/az\/courses\/fizika-riyaziyyat-tmayullu-liseylr-hazirliq\/\">Fizika-Riyaziyyat t\u0259may\u00fcll\u00fc liseyl\u0259r\u0259 haz\u0131rl\u0131q<\/a><\/h6><\/div><\/div><\/div><\/div>            <div id=\"post-27126\" class=\"tezlikle edublink-course-style-5 edublink-course-5-grid-item eb-masonry-item edublink-col-lg-4 edublink-col-md-6 edublink-col-sm-6 post-27126 courses type-courses status-publish has-post-thumbnail hentry course-category-tezlikle\" class=\"edublink-course-style-5 edublink-course-5-grid-item eb-masonry-item edublink-col-lg-4 edublink-col-md-6 edublink-col-sm-6 post-27126 courses type-courses status-publish has-post-thumbnail hentry course-category-tezlikle\"  data-sal>\n                <div class=\"edublink-single-course course-style-5\"><div class=\"inner\"><div class=\"thumbnail\"><a class=\"course-thumb\" href=\"https:\/\/olimpcenter.com\/az\/courses\/termodinamika-saslari\/\"><img decoding=\"async\" class=\"w-100\" src=\"https:\/\/olimpcenter.com\/wp-content\/uploads\/2023\/11\/course-68-590x430.jpg\" alt=\"course-68\"><\/a><div class=\"course-price price-round\">Pulsuz<\/div><ul class=\"course-meta\"><li><i class=\"icon-25 icon-course\"><\/i>2 Students<\/li><\/ul><\/div><div class=\"content\"><span class=\"course-cat\"><a href=\"https:\/\/olimpcenter.com\/az\/course-category\/tezlikle\/?tutor-course-filter-category=156\">Tezlikl\u0259<\/a><\/span><h6 class=\"title\"><a href=\"https:\/\/olimpcenter.com\/az\/courses\/termodinamika-saslari\/\">Termodinamika \u0259saslar\u0131<\/a><\/h6><\/div><\/div><\/div><\/div>            <div id=\"post-28519\" class=\"liseylere-hazirliq edublink-course-style-5 edublink-course-5-grid-item eb-masonry-item edublink-col-lg-4 edublink-col-md-6 edublink-col-sm-6 post-28519 courses type-courses status-publish has-post-thumbnail hentry course-category-liseylere-hazirliq\" class=\"edublink-course-style-5 edublink-course-5-grid-item eb-masonry-item edublink-col-lg-4 edublink-col-md-6 edublink-col-sm-6 post-28519 courses type-courses status-publish has-post-thumbnail hentry course-category-liseylere-hazirliq\"  data-sal>\n                <div class=\"edublink-single-course course-style-5\"><div class=\"inner\"><div class=\"thumbnail\"><a class=\"course-thumb\" href=\"https:\/\/olimpcenter.com\/az\/courses\/kaspi-liseyi\/\"><img decoding=\"async\" class=\"w-100\" src=\"https:\/\/olimpcenter.com\/wp-content\/uploads\/2023\/07\/gallery-08.webp\" alt=\"gallery-08\"><\/a><div class=\"course-price price-round\">Pulsuz<\/div><ul class=\"course-meta\"><li><i class=\"icon-25 icon-course\"><\/i>0 Students<\/li><\/ul><\/div><div class=\"content\"><span class=\"course-cat\"><a href=\"https:\/\/olimpcenter.com\/az\/course-category\/liseylere-hazirliq\/?tutor-course-filter-category=164\">Liseyl\u0259r\u0259 haz\u0131rl\u0131q<\/a><\/span><h6 class=\"title\"><a href=\"https:\/\/olimpcenter.com\/az\/courses\/kaspi-liseyi\/\">Kaspi liseyi<\/a><\/h6><\/div><\/div><\/div><\/div>            <div id=\"post-28678\" class=\"tezlikle upcoming-courses edublink-course-style-5 edublink-course-5-grid-item eb-masonry-item edublink-col-lg-4 edublink-col-md-6 edublink-col-sm-6 post-28678 courses type-courses status-publish has-post-thumbnail hentry course-category-tezlikle course-category-upcoming-courses\" class=\"edublink-course-style-5 edublink-course-5-grid-item eb-masonry-item edublink-col-lg-4 edublink-col-md-6 edublink-col-sm-6 post-28678 courses type-courses status-publish has-post-thumbnail hentry course-category-tezlikle course-category-upcoming-courses\"  data-sal>\n                <div class=\"edublink-single-course course-style-5\"><div class=\"inner\"><div class=\"thumbnail\"><a class=\"course-thumb\" href=\"https:\/\/olimpcenter.com\/az\/courses\/fizika-giris\/\"><img decoding=\"async\" class=\"w-100\" src=\"https:\/\/olimpcenter.com\/wp-content\/uploads\/2025\/07\/WhatsApp-Image-2025-07-17-at-19.29.54-590x430.jpeg\" alt=\"WhatsApp Image 2025-07-17 at 19.29.54\"><\/a><div class=\"course-price price-round\">Pulsuz<\/div><ul class=\"course-meta\"><li><i class=\"icon-25 icon-course\"><\/i>2 Students<\/li><\/ul><\/div><div class=\"content\"><span class=\"course-cat\"><a href=\"https:\/\/olimpcenter.com\/az\/course-category\/tezlikle\/?tutor-course-filter-category=156\">Tezlikl\u0259<\/a><\/span><h6 class=\"title\"><a href=\"https:\/\/olimpcenter.com\/az\/courses\/fizika-giris\/\">Fizika giri\u015f az<\/a><\/h6><\/div><\/div><\/div><\/div>            <div id=\"post-28539\" class=\"liseylere-hazirliq edublink-course-style-5 edublink-course-5-grid-item eb-masonry-item edublink-col-lg-4 edublink-col-md-6 edublink-col-sm-6 post-28539 courses type-courses status-publish has-post-thumbnail hentry course-category-liseylere-hazirliq\" class=\"edublink-course-style-5 edublink-course-5-grid-item eb-masonry-item edublink-col-lg-4 edublink-col-md-6 edublink-col-sm-6 post-28539 courses type-courses status-publish has-post-thumbnail hentry course-category-liseylere-hazirliq\"  data-sal>\n                <div class=\"edublink-single-course course-style-5\"><div class=\"inner\"><div class=\"thumbnail\"><a class=\"course-thumb\" href=\"https:\/\/olimpcenter.com\/az\/courses\/riyaziyyat-7-ci-sinif\/\"><img decoding=\"async\" class=\"w-100\" src=\"https:\/\/olimpcenter.com\/wp-content\/uploads\/2023\/07\/gallery-08.webp\" alt=\"gallery-08\"><\/a><div class=\"course-price price-round\">Pulsuz<\/div><ul class=\"course-meta\"><li><i class=\"icon-25 icon-course\"><\/i>0 Students<\/li><\/ul><\/div><div class=\"content\"><span class=\"course-cat\"><a href=\"https:\/\/olimpcenter.com\/az\/course-category\/liseylere-hazirliq\/?tutor-course-filter-category=164\">Liseyl\u0259r\u0259 haz\u0131rl\u0131q<\/a><\/span><h6 class=\"title\"><a href=\"https:\/\/olimpcenter.com\/az\/courses\/riyaziyyat-7-ci-sinif\/\">D\u0259yan\u0259t V\u0259qfi<\/a><\/h6><\/div><\/div><\/div><\/div><\/div><\/div>\t\t\t\t<\/div>\n\t\t\t\t<\/div>\n\t\t\t\t\t<\/div>\n\t\t<\/div>\n\t\t\t\t\t<\/div>\n\t\t<\/section>\n\t\t\t\t<\/div>\n\t\t","protected":false},"excerpt":{"rendered":"<p>Kurslar Ba\u015flamaq \u00fc\u00e7\u00fcn kursu se\u00e7in Free 2 Students Liseyl\u0259r\u0259 haz\u0131rl\u0131q H\u0259rbi Liseyl\u0259r\u0259 haz\u0131rl\u0131q Free 0 Students Liseyl\u0259r\u0259 haz\u0131rl\u0131q H\u0259rbi liseyl\u0259r az Free 0 Students Liseyl\u0259r\u0259 haz\u0131rl\u0131q Fizika-Riyaziyyat t\u0259may\u00fcll\u00fc liseyl\u0259r\u0259 haz\u0131rl\u0131q Free 1 Students \u0130ngilis dili haz\u0131rl\u0131\u011f\u0131 Cambridge \u0130ngilis dili haz\u0131rl\u0131\u011f\u0131 Free 0 Students Liseyl\u0259r\u0259 haz\u0131rl\u0131q D\u0259yan\u0259t V\u0259qfi Free 0 Students Liseyl\u0259r\u0259 haz\u0131rl\u0131q Kaspi liseyi $11.00&#8230;<\/p>\n","protected":false},"author":2,"featured_media":0,"parent":0,"menu_order":0,"comment_status":"closed","ping_status":"closed","template":"","meta":{"footnotes":""},"class_list":["post-28625","page","type-page","status-publish","hentry"],"_links":{"self":[{"href":"https:\/\/olimpcenter.com\/az\/wp-json\/wp\/v2\/pages\/28625","targetHints":{"allow":["GET"]}}],"collection":[{"href":"https:\/\/olimpcenter.com\/az\/wp-json\/wp\/v2\/pages"}],"about":[{"href":"https:\/\/olimpcenter.com\/az\/wp-json\/wp\/v2\/types\/page"}],"author":[{"embeddable":true,"href":"https:\/\/olimpcenter.com\/az\/wp-json\/wp\/v2\/users\/2"}],"replies":[{"embeddable":true,"href":"https:\/\/olimpcenter.com\/az\/wp-json\/wp\/v2\/comments?post=28625"}],"version-history":[{"count":5,"href":"https:\/\/olimpcenter.com\/az\/wp-json\/wp\/v2\/pages\/28625\/revisions"}],"predecessor-version":[{"id":28631,"href":"https:\/\/olimpcenter.com\/az\/wp-json\/wp\/v2\/pages\/28625\/revisions\/28631"}],"wp:attachment":[{"href":"https:\/\/olimpcenter.com\/az\/wp-json\/wp\/v2\/media?parent=28625"}],"curies":[{"name":"wp","href":"https:\/\/api.w.org\/{rel}","templated":true}]}}